{"id":22171,"date":"2026-01-14T12:56:26","date_gmt":"2026-01-14T11:56:26","guid":{"rendered":"https:\/\/shop.fannysenocq.com\/?page_id=22171"},"modified":"2026-01-29T16:30:57","modified_gmt":"2026-01-29T15:30:57","slug":"the-cardgame-page","status":"publish","type":"page","link":"https:\/\/shop.fannysenocq.com\/en\/the-cardgame-page\/","title":{"rendered":"The CardGame Page"},"content":{"rendered":"<hr class=\"wp-block-separator has-alpha-channel-opacity\"\/>\n\n\n<div class=\"wp-block-image\">\n<figure class=\"alignleft size-large\"><a href=\"https:\/\/shop.fannysenocq.com\/wp-content\/uploads\/2026\/01\/UD-3_web.jpg\"><img fetchpriority=\"high\" decoding=\"async\" width=\"1024\" height=\"768\" src=\"https:\/\/shop.fannysenocq.com\/wp-content\/uploads\/2026\/01\/UD-3_web-1024x768.jpg\" alt=\"\" class=\"wp-image-22187\" srcset=\"https:\/\/shop.fannysenocq.com\/wp-content\/uploads\/2026\/01\/UD-3_web-1024x768.jpg 1024w, https:\/\/shop.fannysenocq.com\/wp-content\/uploads\/2026\/01\/UD-3_web-500x375.jpg 500w, https:\/\/shop.fannysenocq.com\/wp-content\/uploads\/2026\/01\/UD-3_web-768x576.jpg 768w, https:\/\/shop.fannysenocq.com\/wp-content\/uploads\/2026\/01\/UD-3_web-1536x1152.jpg 1536w, https:\/\/shop.fannysenocq.com\/wp-content\/uploads\/2026\/01\/UD-3_web-16x12.jpg 16w, https:\/\/shop.fannysenocq.com\/wp-content\/uploads\/2026\/01\/UD-3_web-300x225.jpg 300w, https:\/\/shop.fannysenocq.com\/wp-content\/uploads\/2026\/01\/UD-3_web-600x450.jpg 600w, https:\/\/shop.fannysenocq.com\/wp-content\/uploads\/2026\/01\/UD-3_web.jpg 1600w\" sizes=\"(max-width: 1024px) 100vw, 1024px\" \/><\/a><\/figure>\n<\/div>\n\n\n<hr class=\"wp-block-separator has-alpha-channel-opacity\"\/>\n\n\n\n<div class=\"wp-block-columns is-layout-flex wp-container-core-columns-is-layout-9d6595d7 wp-block-columns-is-layout-flex\">\n<div class=\"wp-block-column is-layout-flow wp-block-column-is-layout-flow\"><div class=\"woocommerce columns-1\"><ul class=\"products columns-1\">\n<li class=\"product type-product post-3007 status-publish first instock product_cat-thecardgame has-post-thumbnail taxable shipping-taxable purchasable product-type-simple\">\n\t<div class=\"nv-card-content-wrapper\"><a href=\"https:\/\/shop.fannysenocq.com\/en\/product\/the-card-game\/\" class=\"woocommerce-LoopProduct-link woocommerce-loop-product__link\"><div class=\"sp-product-image\"><div class=\"img-wrap\"><img decoding=\"async\" width=\"300\" height=\"398\" src=\"https:\/\/shop.fannysenocq.com\/wp-content\/uploads\/2025\/10\/CardGame_800-300x398.jpg\" class=\"attachment-woocommerce_thumbnail size-woocommerce_thumbnail\" alt=\"The Card Game\" srcset=\"https:\/\/shop.fannysenocq.com\/wp-content\/uploads\/2025\/10\/CardGame_800-300x398.jpg 300w, https:\/\/shop.fannysenocq.com\/wp-content\/uploads\/2025\/10\/CardGame_800-600x796.jpg 600w, https:\/\/shop.fannysenocq.com\/wp-content\/uploads\/2025\/10\/CardGame_800-377x500.jpg 377w, https:\/\/shop.fannysenocq.com\/wp-content\/uploads\/2025\/10\/CardGame_800-772x1024.jpg 772w, https:\/\/shop.fannysenocq.com\/wp-content\/uploads\/2025\/10\/CardGame_800-768x1019.jpg 768w, https:\/\/shop.fannysenocq.com\/wp-content\/uploads\/2025\/10\/CardGame_800.jpg 800w\" sizes=\"(max-width: 300px) 100vw, 300px\" \/><\/div><\/div><h2 class=\"woocommerce-loop-product__title\">The Card Game<\/h2>\n\t<span class=\"price\"><span class=\"woocs_price_code\" data-currency=\"\" data-redraw-id=\"69e756a641f12\"  data-product-id=\"3007\"><span class=\"woocommerce-Price-amount amount\"><bdi>40.00<span class=\"woocommerce-Price-currencySymbol\">&euro;<\/span><\/bdi><\/span> <small class=\"woocommerce-price-suffix\">inc. VAT\/VAT<\/small><\/span><\/span>\n<\/a><a href=\"\/en\/wp-json\/wp\/v2\/pages\/22171?add-to-cart=3007\" aria-describedby=\"woocommerce_loop_add_to_cart_link_describedby_3007\" data-quantity=\"1\" class=\"button product_type_simple add_to_cart_button ajax_add_to_cart\" data-product_id=\"3007\" data-product_sku=\"1000\" aria-label=\"Add to basket: \u201cThe Card Game\u201d\" rel=\"nofollow\" data-success_message=\"\u201cThe Card Game\u201d has been added to your basket\" role=\"button\" data-no-translation=\"\" data-trp-gettext=\"\" data-no-translation-aria-label=\"\" data-no-translation-data-success_message=\"\">Add to basket<\/a>\t<span id=\"woocommerce_loop_add_to_cart_link_describedby_3007\" class=\"screen-reader-text\">\n\t\t\t<\/span>\n<\/div><\/li>\n<\/ul>\n<\/div>\n\n\n<p class=\"product woocommerce add_to_cart_inline\" style=\"border:4px solid #ccc; padding: 12px;\"><span class=\"woocs_price_code\" data-currency=\"\" data-redraw-id=\"69e756a642dde\"  data-product-id=\"3007\"><span class=\"woocommerce-Price-amount amount\"><bdi>40.00<span class=\"woocommerce-Price-currencySymbol\">&euro;<\/span><\/bdi><\/span> <small class=\"woocommerce-price-suffix\">inc. VAT\/VAT<\/small><\/span><a href=\"\/en\/wp-json\/wp\/v2\/pages\/22171?add-to-cart=3007\" aria-describedby=\"woocommerce_loop_add_to_cart_link_describedby_3007\" data-quantity=\"1\" class=\"button product_type_simple add_to_cart_button ajax_add_to_cart\" data-product_id=\"3007\" data-product_sku=\"1000\" aria-label=\"Add to basket: \u201cThe Card Game\u201d\" rel=\"nofollow\" data-success_message=\"\u201cThe Card Game\u201d has been added to your basket\" role=\"button\" data-no-translation=\"\" data-trp-gettext=\"\" data-no-translation-aria-label=\"\" data-no-translation-data-success_message=\"\">Add to basket<\/a>\t<span id=\"woocommerce_loop_add_to_cart_link_describedby_3007\" class=\"screen-reader-text\">\n\t\t\t<\/span>\n<\/p>\n<\/div>\n\n\n\n<div class=\"wp-block-column is-layout-flow wp-block-column-is-layout-flow\">\n<p style=\"font-size:20px\"><strong>UpsideDown is a card game based on images that change when turned over.<\/strong><\/p>\n\n\n\n<p style=\"font-size:17px\" class=\"translation-block\">Each motif in the game carries <strong>two stories<\/strong>.<br>Two titles, <strong>two meanings<\/strong>.<\/p>\n\n\n\n<p style=\"font-size:17px\" class=\"translation-block\">Which one is active does not depend on what you see \u2013 but on how you see it!<br> In UpsideDown, it is not enough to recognise the same image.<br> <strong>To understand it, you must share the same perspective.<\/strong><br> The game is about interpretation, about direction and about the consequences that arise when we think we see the same thing \u2013 but in fact see something completely different.<\/p>\n\n\n\n<p style=\"font-size:17px\">UpsideDown can be played both as a simple family game and as a more strategic adult game, with the same cards, the same motifs, but different levels of complexity.<\/p>\n\n\n\n<p style=\"font-size:17px\" class=\"translation-block\"><strong>Here you can download our rules in PDF format.<\/strong><br>We have produced two versions: one that is more family-friendly and one that is adapted for adults.<\/p>\n\n\n\n<p style=\"font-size:17px\" class=\"translation-block\">But the game doesn't end there. We see this as a living card game that can evolve together with you. <br><br><strong>Do you have your own idea or a new way to play? Please let us know!<\/strong><br>Contributions shared with us may be published here in the shop, side by side with our own rules of the game.<\/p>\n<\/div>\n<\/div>\n\n\n\n<hr class=\"wp-block-separator has-alpha-channel-opacity\"\/>\n\n\n\n<div class=\"wp-block-columns is-layout-flex wp-container-core-columns-is-layout-9d6595d7 wp-block-columns-is-layout-flex\">\n<div class=\"wp-block-column is-layout-flow wp-block-column-is-layout-flow\">\n<h2 class=\"wp-block-heading has-text-align-center\">Rules of the game to download:<\/h2>\n<\/div>\n<\/div>\n\n\n\n<div class=\"wp-block-columns is-layout-flex wp-container-core-columns-is-layout-9d6595d7 wp-block-columns-is-layout-flex\">\n<div class=\"wp-block-column is-layout-flow wp-block-column-is-layout-flow\">\n<div class=\"wp-block-file aligncenter\"><a id=\"wp-block-file--media-7997ebec-532a-4344-8cff-910da77379f3\" href=\"https:\/\/shop.fannysenocq.com\/wp-content\/uploads\/2026\/01\/UpsideDown-Familjespel.pdf\">UpsideDown-Familjespel<\/a><a href=\"https:\/\/shop.fannysenocq.com\/wp-content\/uploads\/2026\/01\/UpsideDown-Familjespel.pdf\" class=\"wp-block-file__button wp-element-button\" download aria-describedby=\"wp-block-file--media-7997ebec-532a-4344-8cff-910da77379f3\">Download<\/a><\/div>\n<\/div>\n\n\n\n<div class=\"wp-block-column is-layout-flow wp-block-column-is-layout-flow\">\n<div class=\"wp-block-file aligncenter\"><a id=\"wp-block-file--media-5d4f1c97-823f-437c-a7dc-69c7b807e633\" href=\"https:\/\/shop.fannysenocq.com\/wp-content\/uploads\/2026\/01\/UpsideDown-Vuxenversion.pdf\">UpsideDown-Vuxenversion<\/a><a href=\"https:\/\/shop.fannysenocq.com\/wp-content\/uploads\/2026\/01\/UpsideDown-Vuxenversion.pdf\" class=\"wp-block-file__button wp-element-button\" download aria-describedby=\"wp-block-file--media-5d4f1c97-823f-437c-a7dc-69c7b807e633\">Download<\/a><\/div>\n<\/div>\n<\/div>\n\n\n\n<hr class=\"wp-block-separator has-alpha-channel-opacity\"\/>\n\n\n\n<p><\/p>","protected":false},"excerpt":{"rendered":"<p>UpsideDown \u00e4r ett kortspel byggt p\u00e5 bilder som f\u00f6r\u00e4ndras n\u00e4r de v\u00e4nds. Varje motiv i spelet b\u00e4r p\u00e5 tv\u00e5 ber\u00e4ttelser.Tv\u00e5 titlar, Tv\u00e5 betydelser. Vilken av dem som \u00e4r aktiv beror inte p\u00e5 vad du ser \u2013 utan p\u00e5 hur du ser det!I UpsideDown r\u00e4cker det inte att k\u00e4nna igen samma bild.F\u00f6r att f\u00f6rst\u00e5 den m\u00e5ste&hellip;&nbsp;<a href=\"https:\/\/shop.fannysenocq.com\/en\/the-cardgame-page\/\" rel=\"bookmark\">Read More &raquo;<span class=\"screen-reader-text\">The CardGame Page<\/span><\/a><\/p>","protected":false},"author":5,"featured_media":0,"parent":0,"menu_order":0,"comment_status":"closed","ping_status":"closed","template":"","meta":{"neve_meta_sidebar":"","neve_meta_container":"","neve_meta_enable_content_width":"","neve_meta_content_width":0,"neve_meta_title_alignment":"","neve_meta_author_avatar":"","neve_post_elements_order":"","neve_meta_disable_header":"","neve_meta_disable_footer":"","neve_meta_disable_title":"on","_themeisle_gutenberg_block_has_review":false,"_glsr_average":0,"_glsr_ranking":0,"_glsr_reviews":0,"footnotes":""},"class_list":["post-22171","page","type-page","status-publish","hentry"],"_links":{"self":[{"href":"https:\/\/shop.fannysenocq.com\/en\/wp-json\/wp\/v2\/pages\/22171","targetHints":{"allow":["GET"]}}],"collection":[{"href":"https:\/\/shop.fannysenocq.com\/en\/wp-json\/wp\/v2\/pages"}],"about":[{"href":"https:\/\/shop.fannysenocq.com\/en\/wp-json\/wp\/v2\/types\/page"}],"author":[{"embeddable":true,"href":"https:\/\/shop.fannysenocq.com\/en\/wp-json\/wp\/v2\/users\/5"}],"replies":[{"embeddable":true,"href":"https:\/\/shop.fannysenocq.com\/en\/wp-json\/wp\/v2\/comments?post=22171"}],"version-history":[{"count":3,"href":"https:\/\/shop.fannysenocq.com\/en\/wp-json\/wp\/v2\/pages\/22171\/revisions"}],"predecessor-version":[{"id":22190,"href":"https:\/\/shop.fannysenocq.com\/en\/wp-json\/wp\/v2\/pages\/22171\/revisions\/22190"}],"wp:attachment":[{"href":"https:\/\/shop.fannysenocq.com\/en\/wp-json\/wp\/v2\/media?parent=22171"}],"curies":[{"name":"wp","href":"https:\/\/api.w.org\/{rel}","templated":true}]}}