{"id":20873,"date":"2026-01-09T10:03:41","date_gmt":"2026-01-09T09:03:41","guid":{"rendered":"https:\/\/shop.fannysenocq.com\/?page_id=20873"},"modified":"2026-01-30T10:27:27","modified_gmt":"2026-01-30T09:27:27","slug":"give-us-a-review","status":"publish","type":"page","link":"https:\/\/shop.fannysenocq.com\/en\/give-us-a-review\/","title":{"rendered":"Give us a review"},"content":{"rendered":"\n<p><strong>Ber\u00e4tta vad du tycker \ud83d\udcac<\/strong><br>Vi v\u00e4rdes\u00e4tter verkligen din \u00e5sikt. Oavsett om det \u00e4r n\u00e5got du \u00e4lskade eller n\u00e5got vi kan f\u00f6rb\u00e4ttra, hj\u00e4lper din recension oss att v\u00e4xa och ge dig \u00e4nnu b\u00e4ttre service. Tack f\u00f6r att du tar dig tid att dela din upplevelse med oss!<\/p>\n\n\n\n<hr class=\"wp-block-separator has-alpha-channel-opacity\"\/>\n\n\n<div class=\"shortcode-site-reviews-form\"><div class=\"glsr glsr-default\" id=\"glsr_gxcoucom\" data-from=\"shortcode\" data-shortcode=\"site_reviews_form\"><div class=\"glsr-form-wrap\">\n    <form class=\"glsr-form glsr-review-form\" method=\"post\" enctype=\"multipart\/form-data\">\n        <input type=\"hidden\" name=\"site-reviews[_action]\" value=\"submit-review\" \/>\n<input type=\"hidden\" name=\"site-reviews[_nonce]\" value=\"71da884b94\" \/>\n<input type=\"hidden\" name=\"site-reviews[_post_id]\" value=\"20873\" \/>\n<input type=\"hidden\" name=\"site-reviews[_referer]\" value=\"\" \/>\n<input type=\"hidden\" name=\"site-reviews[assigned_posts]\" value=\"\" \/>\n<input type=\"hidden\" name=\"site-reviews[assigned_terms]\" value=\"\" \/>\n<input type=\"hidden\" name=\"site-reviews[assigned_users]\" value=\"\" \/>\n<input type=\"hidden\" name=\"site-reviews[excluded]\" value=\"\" \/>\n<input type=\"hidden\" name=\"site-reviews[form_id]\" value=\"glsr_gxcoucom\" \/>\n<input type=\"hidden\" name=\"site-reviews[form_signature]\" value=\"_roc6yFkwQnyFHlu9qbLD82pWk_zkyJmfh024u2gAZnu73KqyJt5qg1-BuFPaU0vLAKOUHvLorAHGJk4z6PitWxInrId17H8W1PvvyaujaZxU4Qr2XhS15iyjl-Kr_7WC4korlJkGhDg93QyfSH9XQJ-5gFLbjudvzkl8WaLimG7PkNkvNzgTxXaA3Mvuq4XBO59a6lm5fpkc5uXq28HK5EWLNaENTcnOmvDjeeBXvpPbjL41QZ2X2zppUTR0UupiuQF7013-ep2TY8Sk3SBYOZuBhIH7e4tLZ7G7MrkvZWLU5ph7Obdk-1hF8-si_-nnON7m72wGpQmrQsy1FnLASrsDE8m6TB6NmWBbnAUmaIdnb0o212V1JkONwKsMCJfz3iJ79CvgILF1BfErSIMSwoQ48_3ZVzaqZ2zk5eZ79uHeAFFeTnqSILPqbQX\" \/>\n<input type=\"hidden\" name=\"site-reviews[terms_exist]\" value=\"1\" \/>\n<div class=\"glsr-field\" style=\"display:none;\"><label for=\"site-reviews-99a7f61f-glsr_gxcoucom\">Your review<\/label><input type=\"text\" class=\"glsr-input glsr-input-text\" id=\"site-reviews-99a7f61f-glsr_gxcoucom\" name=\"site-reviews[99a7f61f]\" value=\"\" \/><\/div>\n<div class=\"glsr-field glsr-field-rating glsr-required\" data-field=\"rating\" data-type=\"rating\">\n    <label class=\"glsr-label\" for=\"glsr_gxcoucom-rating\">\n    <span>Your overall rating<\/span>\n<\/label>\n    <select class=\"browser-default disable-select glsr-select no-wrap no_wrap\" id=\"glsr_gxcoucom-rating\" name=\"site-reviews[rating]\" required><option value=\"\">Select a Rating<\/option><option value=\"5\">5 Stars<\/option><option value=\"4\">4 Stars<\/option><option value=\"3\">3 Stars<\/option><option value=\"2\">2 Stars<\/option><option value=\"1\">1 Star<\/option><\/select>\n    <div class=\"glsr-field-error\"><\/div>\n<\/div>\n<div class=\"glsr-field glsr-field-text glsr-required\" data-field=\"title\" data-type=\"text\">\n    <label class=\"glsr-label\" for=\"glsr_gxcoucom-title\">\n    <span>Title of your review<\/span>\n<\/label>\n    <input type=\"text\" class=\"glsr-input glsr-input-text\" id=\"glsr_gxcoucom-title\" name=\"site-reviews[title]\" required placeholder=\"Summarize your review or highlight an interesting detail\" value=\"\" \/>\n    <div class=\"glsr-field-error\"><\/div>\n<\/div>\n<div class=\"glsr-field glsr-field-textarea glsr-required\" data-field=\"content\" data-type=\"textarea\">\n    <label class=\"glsr-label\" for=\"glsr_gxcoucom-content\">\n    <span>Your review<\/span>\n<\/label>\n    <textarea class=\"glsr-textarea\" id=\"glsr_gxcoucom-content\" name=\"site-reviews[content]\" required placeholder=\"Tell people your review\" rows=\"5\"><\/textarea>\n    <div class=\"glsr-field-error\"><\/div>\n<\/div>\n<div class=\"glsr-field glsr-field-text glsr-required\" data-field=\"name\" data-type=\"text\">\n    <label class=\"glsr-label\" for=\"glsr_gxcoucom-name\">\n    <span>Your name<\/span>\n<\/label>\n    <input type=\"text\" class=\"glsr-input glsr-input-text\" id=\"glsr_gxcoucom-name\" name=\"site-reviews[name]\" required placeholder=\"Tell us your name\" value=\"\" \/>\n    <div class=\"glsr-field-error\"><\/div>\n<\/div>\n<div class=\"glsr-field glsr-field-email glsr-required\" data-field=\"email\" data-type=\"email\">\n    <label class=\"glsr-label\" for=\"glsr_gxcoucom-email\">\n    <span>Your email<\/span>\n<\/label>\n    <input type=\"email\" class=\"glsr-input glsr-input-email\" id=\"glsr_gxcoucom-email\" name=\"site-reviews[email]\" required placeholder=\"Tell us your email\" value=\"\" \/>\n    <div class=\"glsr-field-error\"><\/div>\n<\/div>\n<div class=\"glsr-field glsr-field-choice glsr-required\" data-field=\"terms\" data-type=\"toggle\">\n    \n    <div class=\"glsr-field-subgroup\">\n        <span class=\"glsr-field-toggle\">\n    <span>\n        <span class=\"glsr-toggle\"><input type=\"checkbox\" class=\"glsr-input-toggle\" id=\"glsr_gxcoucom-terms-1\" name=\"site-reviews[terms]\" required value=\"1\" \/><span class=\"glsr-toggle-track\"><\/span><\/span>\n    <\/span>\n    <label for=\"glsr_gxcoucom-terms-1\">This review is based on my own experience and is my genuine opinion.<\/label>\n<\/span>\n    <\/div>\n    <div class=\"glsr-field-error\"><\/div>\n<\/div>\n        <div class=\"glsr-form-message\">\n    \n<\/div>\n        <div data-field=\"submit-button\">\n    <div class=\"wp-block-buttons is-layout-flex\">\n        <div class=\"wp-block-button\">\n            <button type=\"submit\" class=\"glsr-button wp-block-button__link wp-element-button\" aria-busy=\"false\" data-loading=\"Submitting, please wait...\">Submit Review<\/button>\n        <\/div>\n    <\/div>\n<\/div>\n    <\/form>\n<\/div><\/div><\/div>\n\n\n\n<p><\/p>\n","protected":false},"excerpt":{"rendered":"<p>Ber\u00e4tta vad du tycker \ud83d\udcacVi v\u00e4rdes\u00e4tter verkligen din \u00e5sikt. Oavsett om det \u00e4r n\u00e5got du \u00e4lskade eller n\u00e5got vi kan f\u00f6rb\u00e4ttra, hj\u00e4lper din recension oss att v\u00e4xa och ge dig \u00e4nnu b\u00e4ttre service. Tack f\u00f6r att du tar dig tid att dela din upplevelse med oss!<\/p>","protected":false},"author":5,"featured_media":0,"parent":0,"menu_order":0,"comment_status":"closed","ping_status":"closed","template":"","meta":{"neve_meta_sidebar":"","neve_meta_container":"","neve_meta_enable_content_width":"","neve_meta_content_width":0,"neve_meta_title_alignment":"","neve_meta_author_avatar":"","neve_post_elements_order":"","neve_meta_disable_header":"","neve_meta_disable_footer":"","neve_meta_disable_title":"","_themeisle_gutenberg_block_has_review":false,"_glsr_average":0,"_glsr_ranking":0,"_glsr_reviews":0,"footnotes":""},"class_list":["post-20873","page","type-page","status-publish","hentry"],"_links":{"self":[{"href":"https:\/\/shop.fannysenocq.com\/en\/wp-json\/wp\/v2\/pages\/20873","targetHints":{"allow":["GET"]}}],"collection":[{"href":"https:\/\/shop.fannysenocq.com\/en\/wp-json\/wp\/v2\/pages"}],"about":[{"href":"https:\/\/shop.fannysenocq.com\/en\/wp-json\/wp\/v2\/types\/page"}],"author":[{"embeddable":true,"href":"https:\/\/shop.fannysenocq.com\/en\/wp-json\/wp\/v2\/users\/5"}],"replies":[{"embeddable":true,"href":"https:\/\/shop.fannysenocq.com\/en\/wp-json\/wp\/v2\/comments?post=20873"}],"version-history":[{"count":2,"href":"https:\/\/shop.fannysenocq.com\/en\/wp-json\/wp\/v2\/pages\/20873\/revisions"}],"predecessor-version":[{"id":20900,"href":"https:\/\/shop.fannysenocq.com\/en\/wp-json\/wp\/v2\/pages\/20873\/revisions\/20900"}],"wp:attachment":[{"href":"https:\/\/shop.fannysenocq.com\/en\/wp-json\/wp\/v2\/media?parent=20873"}],"curies":[{"name":"wp","href":"https:\/\/api.w.org\/{rel}","templated":true}]}}