{"id":20146,"date":"2025-12-29T10:50:33","date_gmt":"2025-12-29T09:50:33","guid":{"rendered":"https:\/\/shop.fannysenocq.com\/?page_id=20146"},"modified":"2026-03-14T11:58:58","modified_gmt":"2026-03-14T10:58:58","slug":"about-me-2","status":"publish","type":"page","link":"https:\/\/shop.fannysenocq.com\/en\/about-me-2\/","title":{"rendered":"About Me"},"content":{"rendered":"<div class=\"wp-block-columns is-layout-flex wp-container-core-columns-is-layout-9d6595d7 wp-block-columns-is-layout-flex\">\n<div class=\"wp-block-column is-layout-flow wp-block-column-is-layout-flow\">\n<figure class=\"wp-block-image size-full\"><a href=\"https:\/\/shop.fannysenocq.com\/wp-content\/uploads\/2021\/05\/IMG_5962_webb600px.jpg\"><img fetchpriority=\"high\" decoding=\"async\" width=\"600\" height=\"800\" src=\"https:\/\/shop.fannysenocq.com\/wp-content\/uploads\/2021\/05\/IMG_5962_webb600px.jpg\" alt=\"\" class=\"wp-image-1004\" srcset=\"https:\/\/shop.fannysenocq.com\/wp-content\/uploads\/2021\/05\/IMG_5962_webb600px.jpg 600w, https:\/\/shop.fannysenocq.com\/wp-content\/uploads\/2021\/05\/IMG_5962_webb600px-300x400.jpg 300w, https:\/\/shop.fannysenocq.com\/wp-content\/uploads\/2021\/05\/IMG_5962_webb600px-375x500.jpg 375w\" sizes=\"(max-width: 600px) 100vw, 600px\" \/><\/a><\/figure>\n<\/div>\n\n\n\n<div class=\"wp-block-column is-layout-flow wp-block-column-is-layout-flow\">\n<p style=\"font-size:17px\">Fanny Senocq works as an artist, set designer and exhibition designer. Born in France, raised in Sweden and living in Stockholm.<\/p>\n\n\n\n<p style=\"font-size:17px\">In her \u201dUpside Down\u201d series, she explores themes of power, silence and group dynamics, often inspired by real work experiences. The imagery comes from the subconscious, revealing hidden patterns and figures. Her choice of gouache on paper began as a practical solution in her kitchen, but became central to her method. She describes the result as \u201dkitchen realism\u201d.<\/p>\n<\/div>\n\n\n\n<div class=\"wp-block-column has-small-font-size is-layout-flow wp-block-column-is-layout-flow\">\n<p style=\"font-size:15px\" class=\"translation-block\">Company: &amp;SENOCQ<br>Owner: Fanny Senocq<br>Zinkensv\u00e4g 59 <br>11741 Stockholm, Sweden<br>Tel: +46 70 425 48 99<br>Email:<a href=\"mailto:fanny@fannysenocq.com\" target=\"_blank\" rel=\"noopener\"> fanny@fannysenocq.com<\/a><\/p>\n<\/div>\n<\/div>","protected":false},"excerpt":{"rendered":"<p>Fanny Senocq arbetar som konstn\u00e4r, scenograf och utst\u00e4llningsdesigner. F\u00f6dd i Frankrike, uppvuxen i Sverige och bosatt i Stockholm. I sin serie \u201dUpside Down\u201d utforskar hon teman som makt, tystnad och gruppdynamik, ofta inspirerad av verkliga arbetsupplevelser. Bildspr\u00e5ket kommer fr\u00e5n det undermedvetna och avsl\u00f6jar dolda m\u00f6nster och figurer. Hennes val av gouache p\u00e5 papper b\u00f6rjade som&hellip;&nbsp;<a href=\"https:\/\/shop.fannysenocq.com\/en\/about-me-2\/\" rel=\"bookmark\">Read More &raquo;<span class=\"screen-reader-text\">About Me<\/span><\/a><\/p>","protected":false},"author":1,"featured_media":0,"parent":0,"menu_order":0,"comment_status":"closed","ping_status":"closed","template":"","meta":{"neve_meta_sidebar":"","neve_meta_container":"","neve_meta_enable_content_width":"","neve_meta_content_width":0,"neve_meta_title_alignment":"","neve_meta_author_avatar":"","neve_post_elements_order":"","neve_meta_disable_header":"","neve_meta_disable_footer":"","neve_meta_disable_title":"on","_themeisle_gutenberg_block_has_review":false,"_glsr_average":0,"_glsr_ranking":0,"_glsr_reviews":0,"footnotes":""},"class_list":["post-20146","page","type-page","status-publish","hentry"],"_links":{"self":[{"href":"https:\/\/shop.fannysenocq.com\/en\/wp-json\/wp\/v2\/pages\/20146","targetHints":{"allow":["GET"]}}],"collection":[{"href":"https:\/\/shop.fannysenocq.com\/en\/wp-json\/wp\/v2\/pages"}],"about":[{"href":"https:\/\/shop.fannysenocq.com\/en\/wp-json\/wp\/v2\/types\/page"}],"author":[{"embeddable":true,"href":"https:\/\/shop.fannysenocq.com\/en\/wp-json\/wp\/v2\/users\/1"}],"replies":[{"embeddable":true,"href":"https:\/\/shop.fannysenocq.com\/en\/wp-json\/wp\/v2\/comments?post=20146"}],"version-history":[{"count":4,"href":"https:\/\/shop.fannysenocq.com\/en\/wp-json\/wp\/v2\/pages\/20146\/revisions"}],"predecessor-version":[{"id":23714,"href":"https:\/\/shop.fannysenocq.com\/en\/wp-json\/wp\/v2\/pages\/20146\/revisions\/23714"}],"wp:attachment":[{"href":"https:\/\/shop.fannysenocq.com\/en\/wp-json\/wp\/v2\/media?parent=20146"}],"curies":[{"name":"wp","href":"https:\/\/api.w.org\/{rel}","templated":true}]}}