{"id":19986,"date":"2025-12-27T14:56:43","date_gmt":"2025-12-27T13:56:43","guid":{"rendered":"https:\/\/shop.fannysenocq.com\/?page_id=19986"},"modified":"2026-03-17T11:02:43","modified_gmt":"2026-03-17T10:02:43","slug":"copyright","status":"publish","type":"page","link":"https:\/\/shop.fannysenocq.com\/en\/copyright\/","title":{"rendered":"Copyright"},"content":{"rendered":"<p>Copyright och upphovsr\u00e4tt<\/p>\n\n\n\n<p class=\"translation-block\">All content on this web shop, including but not limited to images, artwork, motifs, texts, graphic form and design, is protected under the Copyright Act (1960:729) and international copyright conventions and belongs to <strong>Fanny Senocq<\/strong>, unless otherwise expressly stated.<\/p>\n\n\n\n<p>It is not permitted to copy, reproduce, distribute, modify, publish or otherwise use the material, whether for private or commercial use, without written permission. This includes, but is not limited to, digital use, printing, resale, reproductions or use for marketing purposes.<\/p>\n\n\n\n<p>Only original works and products offered through this online shop may be sold. Unauthorised use may be prosecuted.<\/p>\n\n\n\n<p>For enquiries regarding licensing, collaborations or other agreements related to Fanny Senocq's original works, please contact us before using any material.<\/p>\n\n\n\n<p><\/p>","protected":false},"excerpt":{"rendered":"<p>Copyright och upphovsr\u00e4tt Allt inneh\u00e5ll p\u00e5 denna webbshop, inklusive men inte begr\u00e4nsat till bilder, konstverk, motiv, texter, grafisk form och design, \u00e4r skyddat enligt upphovsr\u00e4ttslagen (1960:729) samt internationella upphovsr\u00e4ttsliga konventioner och tillh\u00f6r Fanny Senocq, om inget annat uttryckligen anges. Det \u00e4r inte till\u00e5tet att utan skriftligt tillst\u00e5nd kopiera, reproducera, distribuera, modifiera, publicera eller p\u00e5 annat&hellip;&nbsp;<a href=\"https:\/\/shop.fannysenocq.com\/en\/copyright\/\" rel=\"bookmark\">Read More &raquo;<span class=\"screen-reader-text\">Copyright<\/span><\/a><\/p>","protected":false},"author":1,"featured_media":0,"parent":0,"menu_order":0,"comment_status":"closed","ping_status":"closed","template":"","meta":{"neve_meta_sidebar":"","neve_meta_container":"","neve_meta_enable_content_width":"","neve_meta_content_width":0,"neve_meta_title_alignment":"","neve_meta_author_avatar":"","neve_post_elements_order":"","neve_meta_disable_header":"","neve_meta_disable_footer":"","neve_meta_disable_title":"","_themeisle_gutenberg_block_has_review":false,"_glsr_average":0,"_glsr_ranking":0,"_glsr_reviews":0,"footnotes":""},"class_list":["post-19986","page","type-page","status-publish","hentry"],"_links":{"self":[{"href":"https:\/\/shop.fannysenocq.com\/en\/wp-json\/wp\/v2\/pages\/19986","targetHints":{"allow":["GET"]}}],"collection":[{"href":"https:\/\/shop.fannysenocq.com\/en\/wp-json\/wp\/v2\/pages"}],"about":[{"href":"https:\/\/shop.fannysenocq.com\/en\/wp-json\/wp\/v2\/types\/page"}],"author":[{"embeddable":true,"href":"https:\/\/shop.fannysenocq.com\/en\/wp-json\/wp\/v2\/users\/1"}],"replies":[{"embeddable":true,"href":"https:\/\/shop.fannysenocq.com\/en\/wp-json\/wp\/v2\/comments?post=19986"}],"version-history":[{"count":2,"href":"https:\/\/shop.fannysenocq.com\/en\/wp-json\/wp\/v2\/pages\/19986\/revisions"}],"predecessor-version":[{"id":20101,"href":"https:\/\/shop.fannysenocq.com\/en\/wp-json\/wp\/v2\/pages\/19986\/revisions\/20101"}],"wp:attachment":[{"href":"https:\/\/shop.fannysenocq.com\/en\/wp-json\/wp\/v2\/media?parent=19986"}],"curies":[{"name":"wp","href":"https:\/\/api.w.org\/{rel}","templated":true}]}}