{"id":19193,"date":"2025-12-23T11:39:17","date_gmt":"2025-12-23T10:39:17","guid":{"rendered":"https:\/\/shop.fannysenocq.com\/?page_id=19193"},"modified":"2026-01-09T09:51:08","modified_gmt":"2026-01-09T08:51:08","slug":"what-our-customers-are-saying","status":"publish","type":"page","link":"https:\/\/shop.fannysenocq.com\/en\/what-our-customers-are-saying\/","title":{"rendered":"What Our Customers Are Saying"},"content":{"rendered":"\n<p>Find out what our customers think about our collection of posters and games.<\/p>\n\n\n<div class=\"shortcode-site-reviews\"><div class=\"glsr glsr-default\" id=\"glsr_oxs61jep\" data-from=\"shortcode\" data-shortcode=\"site_reviews\"><div class=\"glsr-reviews-wrap\">\n    <div class=\"glsr-reviews\">\n        <div class=\"glsr-review\" data-id=\"20867\" data-type=\"local\" id=\"review-20867\" data-assigned='[]'>\n    <div class=\"glsr-review-title\"><h4 class=\"glsr-tag-value\">Snart som Pussel<\/h4><\/div>\n    <div class=\"glsr-review-rating\"><div class=\"glsr-star-rating glsr-stars\" role=\"img\" aria-label=\"Rated 5 out of 5 stars\" data-rating=\"5\" data-reviews=\"0\"><span class=\"glsr-star glsr-star-full\" aria-hidden=\"true\"><\/span><span class=\"glsr-star glsr-star-full\" aria-hidden=\"true\"><\/span><span class=\"glsr-star glsr-star-full\" aria-hidden=\"true\"><\/span><span class=\"glsr-star glsr-star-full\" aria-hidden=\"true\"><\/span><span class=\"glsr-star glsr-star-full\" aria-hidden=\"true\"><\/span><\/div><\/div> <div class=\"glsr-review-date\"><span class=\"glsr-tag-value\">2026-01-09<\/span><\/div>\n    \n    <div class=\"glsr-review-content\"><div class=\"glsr-tag-value\" data-expanded=\"false\"><p>Roligt att f\u00e5 h\u00f6ra att n\u00e5gra av dessa fina motiv kommer att finnas som pussel snart!<\/p><\/div><\/div>\n    \n    <div class=\"glsr-review-author\"><span class=\"glsr-tag-value\">Maria<\/span><\/div>  \n    \n<\/div>\n<div class=\"glsr-review\" data-id=\"19198\" data-type=\"local\" id=\"review-19198\" data-assigned='[]'>\n    <div class=\"glsr-review-title\"><h4 class=\"glsr-tag-value\">Thank you for this quick delivery<\/h4><\/div>\n    <div class=\"glsr-review-rating\"><div class=\"glsr-star-rating glsr-stars\" role=\"img\" aria-label=\"Rated 5 out of 5 stars\" data-rating=\"5\" data-reviews=\"0\"><span class=\"glsr-star glsr-star-full\" aria-hidden=\"true\"><\/span><span class=\"glsr-star glsr-star-full\" aria-hidden=\"true\"><\/span><span class=\"glsr-star glsr-star-full\" aria-hidden=\"true\"><\/span><span class=\"glsr-star glsr-star-full\" aria-hidden=\"true\"><\/span><span class=\"glsr-star glsr-star-full\" aria-hidden=\"true\"><\/span><\/div><\/div> <div class=\"glsr-review-date\"><span class=\"glsr-tag-value\">2025-12-23<\/span><\/div>\n    \n    <div class=\"glsr-review-content\"><div class=\"glsr-tag-value\" data-expanded=\"false\"><p>High quality for both the print and the frame! Recommend<\/p><\/div><\/div>\n    \n    <div class=\"glsr-review-author\"><span class=\"glsr-tag-value\">SlowDad<\/span><\/div>  \n    \n<\/div>\n<div class=\"glsr-review\" data-id=\"19196\" data-type=\"local\" id=\"review-19196\" data-assigned='[]'>\n    <div class=\"glsr-review-title\"><h4 class=\"glsr-tag-value\">En fantastisk v\u00e4rld fylld med sp\u00e4nnande tankar<\/h4><\/div>\n    <div class=\"glsr-review-rating\"><div class=\"glsr-star-rating glsr-stars\" role=\"img\" aria-label=\"Rated 5 out of 5 stars\" data-rating=\"5\" data-reviews=\"0\"><span class=\"glsr-star glsr-star-full\" aria-hidden=\"true\"><\/span><span class=\"glsr-star glsr-star-full\" aria-hidden=\"true\"><\/span><span class=\"glsr-star glsr-star-full\" aria-hidden=\"true\"><\/span><span class=\"glsr-star glsr-star-full\" aria-hidden=\"true\"><\/span><span class=\"glsr-star glsr-star-full\" aria-hidden=\"true\"><\/span><\/div><\/div> <div class=\"glsr-review-date\"><span class=\"glsr-tag-value\">2025-12-23<\/span><\/div>\n    \n    <div class=\"glsr-review-content\"><div class=\"glsr-tag-value\" data-expanded=\"false\"><p>Vilken fin samling som \u00e4r sp\u00e4nnande b\u00e5de var f\u00f6r sig och som en samling. S\u00e5nt man vill ha fler utav!<\/p><\/div><\/div>\n    \n    <div class=\"glsr-review-author\"><span class=\"glsr-tag-value\">SlowDad<\/span><\/div>  \n    \n<\/div>\n    <\/div>\n    \n<\/div><\/div><\/div>\n\n\n\n<hr class=\"wp-block-separator has-alpha-channel-opacity\"\/>\n\n\n\n<h2 class=\"wp-block-heading has-neve-link-hover-color-color has-text-color has-link-color has-large-font-size wp-elements-462958d76ab9a47012e1d54e83002880\">Let us know what you think!<\/h2>\n\n\n<div class=\"shortcode-site-reviews-form\"><div class=\"glsr glsr-default\" id=\"glsr_zh7hmkyo\" data-from=\"shortcode\" data-shortcode=\"site_reviews_form\"><div class=\"glsr-form-wrap\">\n    <form class=\"glsr-form glsr-review-form\" method=\"post\" enctype=\"multipart\/form-data\">\n        <input type=\"hidden\" name=\"site-reviews[_action]\" value=\"submit-review\" \/>\n<input type=\"hidden\" name=\"site-reviews[_nonce]\" value=\"71da884b94\" \/>\n<input type=\"hidden\" name=\"site-reviews[_post_id]\" value=\"19193\" \/>\n<input type=\"hidden\" name=\"site-reviews[_referer]\" value=\"\" \/>\n<input type=\"hidden\" name=\"site-reviews[assigned_posts]\" value=\"\" \/>\n<input type=\"hidden\" name=\"site-reviews[assigned_terms]\" value=\"\" \/>\n<input type=\"hidden\" name=\"site-reviews[assigned_users]\" value=\"\" \/>\n<input type=\"hidden\" name=\"site-reviews[excluded]\" value=\"\" \/>\n<input type=\"hidden\" name=\"site-reviews[form_id]\" value=\"glsr_zh7hmkyo\" \/>\n<input type=\"hidden\" name=\"site-reviews[form_signature]\" value=\"o-NkCoa-bNNPzN62oKlkbGrnid1TGekkTXbjj0RLuhJoeg5JVydIPHKyJGCmh1nIPy8lPiqitJ19CEou7kukuqR0gwQmIjDkOBNgDv8cr_u9ao0eWERGWuydJC8defzNocr13R_qJ42l9h-odeMC5-AFQFDGP35eY08KatwSuK4-SoJ37301fgpuYuwFpl6lodfPo2AbCNTXVt2zWLcNDbpfT8av2R4gng_ngBLXbbRYTssclbV0yF3my4j1Fl7pV3OqX68TmHerXo5zQBTruEHjaKF7cyyye_zNH4OBvIh0bMsdGWpBRMh3jvhwH0gXy2M0y8JFpsgBWhur2sx3VujwV2g7sZgdOzzSAwhz1QxFtPsByqofzO3h_LO46aj3DoEvHUuOmWYk9iWSNdD2B_y4hRQpi8goLkrVgxUsA7WE0oKPEFByX5FMRTnQ\" \/>\n<input type=\"hidden\" name=\"site-reviews[terms_exist]\" value=\"1\" \/>\n<div class=\"glsr-field\" style=\"display:none;\"><label for=\"site-reviews-db338499-glsr_zh7hmkyo\">Your review<\/label><input type=\"text\" class=\"glsr-input glsr-input-text\" id=\"site-reviews-db338499-glsr_zh7hmkyo\" name=\"site-reviews[db338499]\" value=\"\" \/><\/div>\n<div class=\"glsr-field glsr-field-rating glsr-required\" data-field=\"rating\" data-type=\"rating\">\n    <label class=\"glsr-label\" for=\"glsr_zh7hmkyo-rating\">\n    <span>Your overall rating<\/span>\n<\/label>\n    <select class=\"browser-default disable-select glsr-select no-wrap no_wrap\" id=\"glsr_zh7hmkyo-rating\" name=\"site-reviews[rating]\" required><option value=\"\">Select a Rating<\/option><option value=\"5\">5 Stars<\/option><option value=\"4\">4 Stars<\/option><option value=\"3\">3 Stars<\/option><option value=\"2\">2 Stars<\/option><option value=\"1\">1 Star<\/option><\/select>\n    <div class=\"glsr-field-error\"><\/div>\n<\/div>\n<div class=\"glsr-field glsr-field-text glsr-required\" data-field=\"title\" data-type=\"text\">\n    <label class=\"glsr-label\" for=\"glsr_zh7hmkyo-title\">\n    <span>Title of your review<\/span>\n<\/label>\n    <input type=\"text\" class=\"glsr-input glsr-input-text\" id=\"glsr_zh7hmkyo-title\" name=\"site-reviews[title]\" required placeholder=\"Summarize your review or highlight an interesting detail\" value=\"\" \/>\n    <div class=\"glsr-field-error\"><\/div>\n<\/div>\n<div class=\"glsr-field glsr-field-textarea glsr-required\" data-field=\"content\" data-type=\"textarea\">\n    <label class=\"glsr-label\" for=\"glsr_zh7hmkyo-content\">\n    <span>Your review<\/span>\n<\/label>\n    <textarea class=\"glsr-textarea\" id=\"glsr_zh7hmkyo-content\" name=\"site-reviews[content]\" required placeholder=\"Tell people your review\" rows=\"5\"><\/textarea>\n    <div class=\"glsr-field-error\"><\/div>\n<\/div>\n<div class=\"glsr-field glsr-field-text glsr-required\" data-field=\"name\" data-type=\"text\">\n    <label class=\"glsr-label\" for=\"glsr_zh7hmkyo-name\">\n    <span>Your name<\/span>\n<\/label>\n    <input type=\"text\" class=\"glsr-input glsr-input-text\" id=\"glsr_zh7hmkyo-name\" name=\"site-reviews[name]\" required placeholder=\"Tell us your name\" value=\"\" \/>\n    <div class=\"glsr-field-error\"><\/div>\n<\/div>\n<div class=\"glsr-field glsr-field-email glsr-required\" data-field=\"email\" data-type=\"email\">\n    <label class=\"glsr-label\" for=\"glsr_zh7hmkyo-email\">\n    <span>Your email<\/span>\n<\/label>\n    <input type=\"email\" class=\"glsr-input glsr-input-email\" id=\"glsr_zh7hmkyo-email\" name=\"site-reviews[email]\" required placeholder=\"Tell us your email\" value=\"\" \/>\n    <div class=\"glsr-field-error\"><\/div>\n<\/div>\n<div class=\"glsr-field glsr-field-choice glsr-required\" data-field=\"terms\" data-type=\"toggle\">\n    \n    <div class=\"glsr-field-subgroup\">\n        <span class=\"glsr-field-toggle\">\n    <span>\n        <span class=\"glsr-toggle\"><input type=\"checkbox\" class=\"glsr-input-toggle\" id=\"glsr_zh7hmkyo-terms-1\" name=\"site-reviews[terms]\" required value=\"1\" \/><span class=\"glsr-toggle-track\"><\/span><\/span>\n    <\/span>\n    <label for=\"glsr_zh7hmkyo-terms-1\">This review is based on my own experience and is my genuine opinion.<\/label>\n<\/span>\n    <\/div>\n    <div class=\"glsr-field-error\"><\/div>\n<\/div>\n        <div class=\"glsr-form-message\">\n    \n<\/div>\n        <div data-field=\"submit-button\">\n    <div class=\"wp-block-buttons is-layout-flex\">\n        <div class=\"wp-block-button\">\n            <button type=\"submit\" class=\"glsr-button wp-block-button__link wp-element-button\" aria-busy=\"false\" data-loading=\"Submitting, please wait...\">Submit Review<\/button>\n        <\/div>\n    <\/div>\n<\/div>\n    <\/form>\n<\/div><\/div><\/div>\n\n\n\n<p><\/p>\n","protected":false},"excerpt":{"rendered":"<p>Find out what our customers think about our collection of posters and games. Let us know what you think!<\/p>","protected":false},"author":1,"featured_media":0,"parent":0,"menu_order":0,"comment_status":"closed","ping_status":"closed","template":"","meta":{"neve_meta_sidebar":"","neve_meta_container":"","neve_meta_enable_content_width":"","neve_meta_content_width":0,"neve_meta_title_alignment":"","neve_meta_author_avatar":"","neve_post_elements_order":"","neve_meta_disable_header":"","neve_meta_disable_footer":"","neve_meta_disable_title":"","_themeisle_gutenberg_block_has_review":false,"_glsr_average":0,"_glsr_ranking":0,"_glsr_reviews":0,"footnotes":""},"class_list":["post-19193","page","type-page","status-publish","hentry"],"_links":{"self":[{"href":"https:\/\/shop.fannysenocq.com\/en\/wp-json\/wp\/v2\/pages\/19193","targetHints":{"allow":["GET"]}}],"collection":[{"href":"https:\/\/shop.fannysenocq.com\/en\/wp-json\/wp\/v2\/pages"}],"about":[{"href":"https:\/\/shop.fannysenocq.com\/en\/wp-json\/wp\/v2\/types\/page"}],"author":[{"embeddable":true,"href":"https:\/\/shop.fannysenocq.com\/en\/wp-json\/wp\/v2\/users\/1"}],"replies":[{"embeddable":true,"href":"https:\/\/shop.fannysenocq.com\/en\/wp-json\/wp\/v2\/comments?post=19193"}],"version-history":[{"count":7,"href":"https:\/\/shop.fannysenocq.com\/en\/wp-json\/wp\/v2\/pages\/19193\/revisions"}],"predecessor-version":[{"id":20871,"href":"https:\/\/shop.fannysenocq.com\/en\/wp-json\/wp\/v2\/pages\/19193\/revisions\/20871"}],"wp:attachment":[{"href":"https:\/\/shop.fannysenocq.com\/en\/wp-json\/wp\/v2\/media?parent=19193"}],"curies":[{"name":"wp","href":"https:\/\/api.w.org\/{rel}","templated":true}]}}